{"id":991,"date":"2025-04-16T13:12:03","date_gmt":"2025-04-16T13:12:03","guid":{"rendered":"https:\/\/madrivedacoes.com.br\/?page_id=991"},"modified":"2025-04-16T20:29:46","modified_gmt":"2025-04-16T20:29:46","slug":"catalogo","status":"publish","type":"page","link":"https:\/\/madrivedacoes.com.br\/?page_id=991","title":{"rendered":"Cat\u00e1logo"},"content":{"rendered":"\t\t<div data-elementor-type=\"wp-page\" data-elementor-id=\"991\" class=\"elementor elementor-991\" data-elementor-post-type=\"page\">\n\t\t\t\t\t\t<section class=\"elementor-section elementor-top-section elementor-element elementor-element-675e5eb elementor-section-stretched elementor-section-boxed elementor-section-height-default elementor-section-height-default\" data-id=\"675e5eb\" data-element_type=\"section\" data-settings=\"{&quot;stretch_section&quot;:&quot;section-stretched&quot;,&quot;background_background&quot;:&quot;classic&quot;}\">\n\t\t\t\t\t\t<div class=\"elementor-container elementor-column-gap-wider\">\n\t\t\t\t\t<div class=\"elementor-column elementor-col-100 elementor-top-column elementor-element elementor-element-3956eda\" data-id=\"3956eda\" data-element_type=\"column\">\n\t\t\t<div class=\"elementor-widget-wrap elementor-element-populated\">\n\t\t\t\t\t\t<div class=\"elementor-element elementor-element-670b63c elementor-widget elementor-widget-text-editor\" data-id=\"670b63c\" data-element_type=\"widget\" data-widget_type=\"text-editor.default\">\n\t\t\t\t<div class=\"elementor-widget-container\">\n\t\t\t\t\t\t\t<p>A Madri oferece solu\u00e7\u00f5es pr\u00e1ticas e eficientes para ind\u00fastrias de todos os segmentos.<\/p>\t\t\t\t\t\t<\/div>\n\t\t\t\t<\/div>\n\t\t\t\t\t<\/div>\n\t\t<\/div>\n\t\t\t\t\t<\/div>\n\t\t<\/section>\n\t\t<div class=\"elementor-element elementor-element-c35783e e-flex e-con-boxed e-con e-parent\" data-id=\"c35783e\" data-element_type=\"container\">\n\t\t\t\t\t<div class=\"e-con-inner\">\n\t\t<div class=\"elementor-element elementor-element-60f3cd2 e-con-full e-flex e-con e-child\" data-id=\"60f3cd2\" data-element_type=\"container\">\n\t\t\t\t<div class=\"elementor-element elementor-element-c0cf21e elementor-widget elementor-widget-image\" data-id=\"c0cf21e\" data-element_type=\"widget\" data-widget_type=\"image.default\">\n\t\t\t\t<div class=\"elementor-widget-container\">\n\t\t\t\t\t\t\t\t\t\t\t\t\t<img fetchpriority=\"high\" decoding=\"async\" width=\"991\" height=\"1200\" src=\"https:\/\/madrivedacoes.com.br\/wp-content\/uploads\/2025\/04\/cat-1-991x1200.jpeg\" class=\"attachment-large size-large wp-image-993\" alt=\"\" srcset=\"https:\/\/madrivedacoes.com.br\/wp-content\/uploads\/2025\/04\/cat-1-991x1200.jpeg 991w, https:\/\/madrivedacoes.com.br\/wp-content\/uploads\/2025\/04\/cat-1-413x500.jpeg 413w, https:\/\/madrivedacoes.com.br\/wp-content\/uploads\/2025\/04\/cat-1-248x300.jpeg 248w, https:\/\/madrivedacoes.com.br\/wp-content\/uploads\/2025\/04\/cat-1-768x930.jpeg 768w, https:\/\/madrivedacoes.com.br\/wp-content\/uploads\/2025\/04\/cat-1-62x75.jpeg 62w, https:\/\/madrivedacoes.com.br\/wp-content\/uploads\/2025\/04\/cat-1-480x581.jpeg 480w, https:\/\/madrivedacoes.com.br\/wp-content\/uploads\/2025\/04\/cat-1-800x969.jpeg 800w, https:\/\/madrivedacoes.com.br\/wp-content\/uploads\/2025\/04\/cat-1.jpeg 1057w\" sizes=\"(max-width:767px) 480px, (max-width:991px) 100vw, 991px\" \/>\t\t\t\t\t\t\t\t\t\t\t\t\t<\/div>\n\t\t\t\t<\/div>\n\t\t\t\t<\/div>\n\t\t<div class=\"elementor-element elementor-element-51698fe e-con-full e-flex e-con e-child\" data-id=\"51698fe\" data-element_type=\"container\">\n\t\t\t\t<div class=\"elementor-element elementor-element-1eddf4d elementor-widget elementor-widget-image\" data-id=\"1eddf4d\" data-element_type=\"widget\" data-widget_type=\"image.default\">\n\t\t\t\t<div class=\"elementor-widget-container\">\n\t\t\t\t\t\t\t\t\t\t\t\t\t<img decoding=\"async\" width=\"892\" height=\"1080\" src=\"https:\/\/madrivedacoes.com.br\/wp-content\/uploads\/2025\/04\/cat-2.jpeg\" class=\"attachment-large size-large wp-image-994\" alt=\"\" srcset=\"https:\/\/madrivedacoes.com.br\/wp-content\/uploads\/2025\/04\/cat-2.jpeg 892w, https:\/\/madrivedacoes.com.br\/wp-content\/uploads\/2025\/04\/cat-2-413x500.jpeg 413w, https:\/\/madrivedacoes.com.br\/wp-content\/uploads\/2025\/04\/cat-2-248x300.jpeg 248w, https:\/\/madrivedacoes.com.br\/wp-content\/uploads\/2025\/04\/cat-2-768x930.jpeg 768w, https:\/\/madrivedacoes.com.br\/wp-content\/uploads\/2025\/04\/cat-2-62x75.jpeg 62w, https:\/\/madrivedacoes.com.br\/wp-content\/uploads\/2025\/04\/cat-2-480x581.jpeg 480w, https:\/\/madrivedacoes.com.br\/wp-content\/uploads\/2025\/04\/cat-2-800x969.jpeg 800w\" sizes=\"(max-width:767px) 480px, (max-width:892px) 100vw, 892px\" \/>\t\t\t\t\t\t\t\t\t\t\t\t\t<\/div>\n\t\t\t\t<\/div>\n\t\t\t\t<\/div>\n\t\t<div class=\"elementor-element elementor-element-dced93d e-con-full e-flex e-con e-child\" data-id=\"dced93d\" data-element_type=\"container\">\n\t\t\t\t<div class=\"elementor-element elementor-element-65ec0d1 elementor-widget elementor-widget-image\" data-id=\"65ec0d1\" data-element_type=\"widget\" data-widget_type=\"image.default\">\n\t\t\t\t<div class=\"elementor-widget-container\">\n\t\t\t\t\t\t\t\t\t\t\t\t\t<img decoding=\"async\" width=\"991\" height=\"1200\" src=\"https:\/\/madrivedacoes.com.br\/wp-content\/uploads\/2025\/04\/cat-3-991x1200.jpeg\" class=\"attachment-large size-large wp-image-995\" alt=\"\" srcset=\"https:\/\/madrivedacoes.com.br\/wp-content\/uploads\/2025\/04\/cat-3-991x1200.jpeg 991w, https:\/\/madrivedacoes.com.br\/wp-content\/uploads\/2025\/04\/cat-3-413x500.jpeg 413w, https:\/\/madrivedacoes.com.br\/wp-content\/uploads\/2025\/04\/cat-3-248x300.jpeg 248w, https:\/\/madrivedacoes.com.br\/wp-content\/uploads\/2025\/04\/cat-3-768x930.jpeg 768w, https:\/\/madrivedacoes.com.br\/wp-content\/uploads\/2025\/04\/cat-3-62x75.jpeg 62w, https:\/\/madrivedacoes.com.br\/wp-content\/uploads\/2025\/04\/cat-3-480x581.jpeg 480w, https:\/\/madrivedacoes.com.br\/wp-content\/uploads\/2025\/04\/cat-3-800x969.jpeg 800w, https:\/\/madrivedacoes.com.br\/wp-content\/uploads\/2025\/04\/cat-3.jpeg 1057w\" sizes=\"(max-width:767px) 480px, (max-width:991px) 100vw, 991px\" \/>\t\t\t\t\t\t\t\t\t\t\t\t\t<\/div>\n\t\t\t\t<\/div>\n\t\t\t\t<\/div>\n\t\t<div class=\"elementor-element elementor-element-0ef0430 e-con-full e-flex e-con e-child\" data-id=\"0ef0430\" data-element_type=\"container\">\n\t\t\t\t<div class=\"elementor-element elementor-element-e2ad5ac elementor-widget elementor-widget-image\" data-id=\"e2ad5ac\" data-element_type=\"widget\" data-widget_type=\"image.default\">\n\t\t\t\t<div class=\"elementor-widget-container\">\n\t\t\t\t\t\t\t\t\t\t\t\t\t<img loading=\"lazy\" decoding=\"async\" width=\"991\" height=\"1200\" src=\"https:\/\/madrivedacoes.com.br\/wp-content\/uploads\/2025\/04\/cat-4-1-991x1200.jpg\" class=\"attachment-large size-large wp-image-1078\" alt=\"\" srcset=\"https:\/\/madrivedacoes.com.br\/wp-content\/uploads\/2025\/04\/cat-4-1-991x1200.jpg 991w, https:\/\/madrivedacoes.com.br\/wp-content\/uploads\/2025\/04\/cat-4-1-413x500.jpg 413w, https:\/\/madrivedacoes.com.br\/wp-content\/uploads\/2025\/04\/cat-4-1-248x300.jpg 248w, https:\/\/madrivedacoes.com.br\/wp-content\/uploads\/2025\/04\/cat-4-1-768x930.jpg 768w, https:\/\/madrivedacoes.com.br\/wp-content\/uploads\/2025\/04\/cat-4-1-62x75.jpg 62w, https:\/\/madrivedacoes.com.br\/wp-content\/uploads\/2025\/04\/cat-4-1-480x581.jpg 480w, https:\/\/madrivedacoes.com.br\/wp-content\/uploads\/2025\/04\/cat-4-1-800x969.jpg 800w, https:\/\/madrivedacoes.com.br\/wp-content\/uploads\/2025\/04\/cat-4-1.jpg 1057w\" sizes=\"(max-width:767px) 480px, (max-width:991px) 100vw, 991px\" \/>\t\t\t\t\t\t\t\t\t\t\t\t\t<\/div>\n\t\t\t\t<\/div>\n\t\t\t\t<\/div>\n\t\t\t\t\t<\/div>\n\t\t\t\t<\/div>\n\t\t<div class=\"elementor-element elementor-element-b3876ee e-flex e-con-boxed e-con e-parent\" data-id=\"b3876ee\" data-element_type=\"container\">\n\t\t\t\t\t<div class=\"e-con-inner\">\n\t\t<div class=\"elementor-element elementor-element-78654c6 e-con-full e-flex e-con e-child\" data-id=\"78654c6\" data-element_type=\"container\">\n\t\t\t\t<div class=\"elementor-element elementor-element-c4a4901 elementor-widget elementor-widget-image\" data-id=\"c4a4901\" data-element_type=\"widget\" data-widget_type=\"image.default\">\n\t\t\t\t<div class=\"elementor-widget-container\">\n\t\t\t\t\t\t\t\t\t\t\t\t\t<img loading=\"lazy\" decoding=\"async\" width=\"991\" height=\"1200\" src=\"https:\/\/madrivedacoes.com.br\/wp-content\/uploads\/2025\/04\/cat-5-991x1200.jpeg\" class=\"attachment-large size-large wp-image-997\" alt=\"\" srcset=\"https:\/\/madrivedacoes.com.br\/wp-content\/uploads\/2025\/04\/cat-5-991x1200.jpeg 991w, https:\/\/madrivedacoes.com.br\/wp-content\/uploads\/2025\/04\/cat-5-413x500.jpeg 413w, https:\/\/madrivedacoes.com.br\/wp-content\/uploads\/2025\/04\/cat-5-248x300.jpeg 248w, https:\/\/madrivedacoes.com.br\/wp-content\/uploads\/2025\/04\/cat-5-768x930.jpeg 768w, https:\/\/madrivedacoes.com.br\/wp-content\/uploads\/2025\/04\/cat-5-62x75.jpeg 62w, https:\/\/madrivedacoes.com.br\/wp-content\/uploads\/2025\/04\/cat-5-480x581.jpeg 480w, https:\/\/madrivedacoes.com.br\/wp-content\/uploads\/2025\/04\/cat-5-800x969.jpeg 800w, https:\/\/madrivedacoes.com.br\/wp-content\/uploads\/2025\/04\/cat-5.jpeg 1057w\" sizes=\"(max-width:767px) 480px, (max-width:991px) 100vw, 991px\" \/>\t\t\t\t\t\t\t\t\t\t\t\t\t<\/div>\n\t\t\t\t<\/div>\n\t\t\t\t<\/div>\n\t\t<div class=\"elementor-element elementor-element-e943b2a e-con-full e-flex e-con e-child\" data-id=\"e943b2a\" data-element_type=\"container\">\n\t\t\t\t<div class=\"elementor-element elementor-element-480e3ac elementor-widget elementor-widget-image\" data-id=\"480e3ac\" data-element_type=\"widget\" data-widget_type=\"image.default\">\n\t\t\t\t<div class=\"elementor-widget-container\">\n\t\t\t\t\t\t\t\t\t\t\t\t\t<img loading=\"lazy\" decoding=\"async\" width=\"991\" height=\"1200\" src=\"https:\/\/madrivedacoes.com.br\/wp-content\/uploads\/2025\/04\/cat-6-991x1200.jpeg\" class=\"attachment-large size-large wp-image-998\" alt=\"\" srcset=\"https:\/\/madrivedacoes.com.br\/wp-content\/uploads\/2025\/04\/cat-6-991x1200.jpeg 991w, https:\/\/madrivedacoes.com.br\/wp-content\/uploads\/2025\/04\/cat-6-413x500.jpeg 413w, https:\/\/madrivedacoes.com.br\/wp-content\/uploads\/2025\/04\/cat-6-248x300.jpeg 248w, https:\/\/madrivedacoes.com.br\/wp-content\/uploads\/2025\/04\/cat-6-768x930.jpeg 768w, https:\/\/madrivedacoes.com.br\/wp-content\/uploads\/2025\/04\/cat-6-62x75.jpeg 62w, https:\/\/madrivedacoes.com.br\/wp-content\/uploads\/2025\/04\/cat-6-480x581.jpeg 480w, https:\/\/madrivedacoes.com.br\/wp-content\/uploads\/2025\/04\/cat-6-800x969.jpeg 800w, https:\/\/madrivedacoes.com.br\/wp-content\/uploads\/2025\/04\/cat-6.jpeg 1057w\" sizes=\"(max-width:767px) 480px, (max-width:991px) 100vw, 991px\" \/>\t\t\t\t\t\t\t\t\t\t\t\t\t<\/div>\n\t\t\t\t<\/div>\n\t\t\t\t<\/div>\n\t\t<div class=\"elementor-element elementor-element-fd45d4b e-con-full e-flex e-con e-child\" data-id=\"fd45d4b\" data-element_type=\"container\">\n\t\t\t\t<div class=\"elementor-element elementor-element-ce92f6f elementor-widget elementor-widget-image\" data-id=\"ce92f6f\" data-element_type=\"widget\" data-widget_type=\"image.default\">\n\t\t\t\t<div class=\"elementor-widget-container\">\n\t\t\t\t\t\t\t\t\t\t\t\t\t<img loading=\"lazy\" decoding=\"async\" width=\"991\" height=\"1200\" src=\"https:\/\/madrivedacoes.com.br\/wp-content\/uploads\/2025\/04\/cat-7-991x1200.jpeg\" class=\"attachment-large size-large wp-image-999\" alt=\"\" srcset=\"https:\/\/madrivedacoes.com.br\/wp-content\/uploads\/2025\/04\/cat-7-991x1200.jpeg 991w, https:\/\/madrivedacoes.com.br\/wp-content\/uploads\/2025\/04\/cat-7-413x500.jpeg 413w, https:\/\/madrivedacoes.com.br\/wp-content\/uploads\/2025\/04\/cat-7-248x300.jpeg 248w, https:\/\/madrivedacoes.com.br\/wp-content\/uploads\/2025\/04\/cat-7-768x930.jpeg 768w, https:\/\/madrivedacoes.com.br\/wp-content\/uploads\/2025\/04\/cat-7-62x75.jpeg 62w, https:\/\/madrivedacoes.com.br\/wp-content\/uploads\/2025\/04\/cat-7-480x581.jpeg 480w, https:\/\/madrivedacoes.com.br\/wp-content\/uploads\/2025\/04\/cat-7-800x969.jpeg 800w, https:\/\/madrivedacoes.com.br\/wp-content\/uploads\/2025\/04\/cat-7.jpeg 1057w\" sizes=\"(max-width:767px) 480px, (max-width:991px) 100vw, 991px\" \/>\t\t\t\t\t\t\t\t\t\t\t\t\t<\/div>\n\t\t\t\t<\/div>\n\t\t\t\t<\/div>\n\t\t<div class=\"elementor-element elementor-element-5d758ed e-con-full e-flex e-con e-child\" data-id=\"5d758ed\" data-element_type=\"container\">\n\t\t\t\t<div class=\"elementor-element elementor-element-f57584c elementor-widget elementor-widget-image\" data-id=\"f57584c\" data-element_type=\"widget\" data-widget_type=\"image.default\">\n\t\t\t\t<div class=\"elementor-widget-container\">\n\t\t\t\t\t\t\t\t\t\t\t\t\t<img loading=\"lazy\" decoding=\"async\" width=\"991\" height=\"1200\" src=\"https:\/\/madrivedacoes.com.br\/wp-content\/uploads\/2025\/04\/cat-8-991x1200.jpeg\" class=\"attachment-large size-large wp-image-1000\" alt=\"\" srcset=\"https:\/\/madrivedacoes.com.br\/wp-content\/uploads\/2025\/04\/cat-8-991x1200.jpeg 991w, https:\/\/madrivedacoes.com.br\/wp-content\/uploads\/2025\/04\/cat-8-413x500.jpeg 413w, https:\/\/madrivedacoes.com.br\/wp-content\/uploads\/2025\/04\/cat-8-248x300.jpeg 248w, https:\/\/madrivedacoes.com.br\/wp-content\/uploads\/2025\/04\/cat-8-768x930.jpeg 768w, https:\/\/madrivedacoes.com.br\/wp-content\/uploads\/2025\/04\/cat-8-62x75.jpeg 62w, https:\/\/madrivedacoes.com.br\/wp-content\/uploads\/2025\/04\/cat-8-480x581.jpeg 480w, https:\/\/madrivedacoes.com.br\/wp-content\/uploads\/2025\/04\/cat-8-800x969.jpeg 800w, https:\/\/madrivedacoes.com.br\/wp-content\/uploads\/2025\/04\/cat-8.jpeg 1057w\" sizes=\"(max-width:767px) 480px, (max-width:991px) 100vw, 991px\" \/>\t\t\t\t\t\t\t\t\t\t\t\t\t<\/div>\n\t\t\t\t<\/div>\n\t\t\t\t<\/div>\n\t\t\t\t\t<\/div>\n\t\t\t\t<\/div>\n\t\t<div class=\"elementor-element elementor-element-55e0e5e e-flex e-con-boxed e-con e-parent\" data-id=\"55e0e5e\" data-element_type=\"container\" data-settings=\"{&quot;background_background&quot;:&quot;classic&quot;}\">\n\t\t\t\t\t<div class=\"e-con-inner\">\n\t\t\t\t<div class=\"elementor-element elementor-element-2b5272d elementor-widget elementor-widget-spacer\" data-id=\"2b5272d\" data-element_type=\"widget\" data-widget_type=\"spacer.default\">\n\t\t\t\t<div class=\"elementor-widget-container\">\n\t\t\t\t\t<div class=\"elementor-spacer\">\n\t\t\t<div class=\"elementor-spacer-inner\"><\/div>\n\t\t<\/div>\n\t\t\t\t<\/div>\n\t\t\t\t<\/div>\n\t\t\t\t\t<\/div>\n\t\t\t\t<\/div>\n\t\t\t\t<section class=\"elementor-section elementor-top-section elementor-element elementor-element-d1969fa elementor-section-stretched elementor-section-boxed elementor-section-height-default elementor-section-height-default\" data-id=\"d1969fa\" data-element_type=\"section\" data-settings=\"{&quot;stretch_section&quot;:&quot;section-stretched&quot;,&quot;background_background&quot;:&quot;classic&quot;}\">\n\t\t\t\t\t\t<div class=\"elementor-container elementor-column-gap-wider\">\n\t\t\t\t\t<div class=\"elementor-column elementor-col-100 elementor-top-column elementor-element elementor-element-1d497d4\" data-id=\"1d497d4\" data-element_type=\"column\" data-settings=\"{&quot;background_background&quot;:&quot;classic&quot;}\">\n\t\t\t<div class=\"elementor-widget-wrap elementor-element-populated\">\n\t\t\t\t\t\t<div class=\"elementor-element elementor-element-c97cb20 elementor-widget elementor-widget-text-editor\" data-id=\"c97cb20\" data-element_type=\"widget\" data-widget_type=\"text-editor.default\">\n\t\t\t\t<div class=\"elementor-widget-container\">\n\t\t\t\t\t\t\t<h6 class=\"carparts-heading\">SOLICITE UM OR\u00c7AMENTO GRATUITAMENTE<\/h6>\t\t\t\t\t\t<\/div>\n\t\t\t\t<\/div>\n\t\t\t\t<div class=\"elementor-element elementor-element-ce6aa83 elementor-align-center elementor-icon-list--layout-traditional elementor-list-item-link-full_width elementor-widget elementor-widget-icon-list\" data-id=\"ce6aa83\" data-element_type=\"widget\" data-widget_type=\"icon-list.default\">\n\t\t\t\t<div class=\"elementor-widget-container\">\n\t\t\t\t\t<ul class=\"elementor-icon-list-items\">\n\t\t\t\t\t\t\t<li class=\"elementor-icon-list-item\">\n\t\t\t\t\t\t\t\t\t\t\t<span class=\"elementor-icon-list-icon\">\n\t\t\t\t\t\t\t<svg aria-hidden=\"true\" class=\"e-font-icon-svg e-fas-mobile-alt\" viewBox=\"0 0 320 512\" xmlns=\"http:\/\/www.w3.org\/2000\/svg\"><path d=\"M272 0H48C21.5 0 0 21.5 0 48v416c0 26.5 21.5 48 48 48h224c26.5 0 48-21.5 48-48V48c0-26.5-21.5-48-48-48zM160 480c-17.7 0-32-14.3-32-32s14.3-32 32-32 32 14.3 32 32-14.3 32-32 32zm112-108c0 6.6-5.4 12-12 12H60c-6.6 0-12-5.4-12-12V60c0-6.6 5.4-12 12-12h200c6.6 0 12 5.4 12 12v312z\"><\/path><\/svg>\t\t\t\t\t\t<\/span>\n\t\t\t\t\t\t\t\t\t\t<span class=\"elementor-icon-list-text\">(18) 3653-3697<\/span>\n\t\t\t\t\t\t\t\t\t<\/li>\n\t\t\t\t\t\t<\/ul>\n\t\t\t\t<\/div>\n\t\t\t\t<\/div>\n\t\t\t\t<div class=\"elementor-element elementor-element-44fb968 elementor-widget elementor-widget-text-editor\" data-id=\"44fb968\" data-element_type=\"widget\" data-widget_type=\"text-editor.default\">\n\t\t\t\t<div class=\"elementor-widget-container\">\n\t\t\t\t\t\t\t<h6>DE SEGUNDA A SEXTA\n<span style=\"color: #ffffff;\">7H \u00c0S 17H18<\/span><\/h6>\t\t\t\t\t\t<\/div>\n\t\t\t\t<\/div>\n\t\t\t\t\t<\/div>\n\t\t<\/div>\n\t\t\t\t\t<\/div>\n\t\t<\/section>\n\t\t\t\t<\/div>\n\t\t","protected":false},"excerpt":{"rendered":"<p>A Madri oferece solu\u00e7\u00f5es pr\u00e1ticas e eficientes para ind\u00fastrias de todos os segmentos. SOLICITE UM OR\u00c7AMENTO GRATUITAMENTE (18) 3653-3697 DE SEGUNDA A SEXTA 7H \u00c0S 17H18<\/p>\n","protected":false},"author":1,"featured_media":0,"parent":0,"menu_order":0,"comment_status":"open","ping_status":"closed","template":"","meta":{"_themeisle_gutenberg_block_has_review":false,"_joinchat":[],"footnotes":""},"class_list":["post-991","page","type-page","status-publish","hentry"],"_links":{"self":[{"href":"https:\/\/madrivedacoes.com.br\/index.php?rest_route=\/wp\/v2\/pages\/991","targetHints":{"allow":["GET"]}}],"collection":[{"href":"https:\/\/madrivedacoes.com.br\/index.php?rest_route=\/wp\/v2\/pages"}],"about":[{"href":"https:\/\/madrivedacoes.com.br\/index.php?rest_route=\/wp\/v2\/types\/page"}],"author":[{"embeddable":true,"href":"https:\/\/madrivedacoes.com.br\/index.php?rest_route=\/wp\/v2\/users\/1"}],"replies":[{"embeddable":true,"href":"https:\/\/madrivedacoes.com.br\/index.php?rest_route=%2Fwp%2Fv2%2Fcomments&post=991"}],"version-history":[{"count":10,"href":"https:\/\/madrivedacoes.com.br\/index.php?rest_route=\/wp\/v2\/pages\/991\/revisions"}],"predecessor-version":[{"id":1081,"href":"https:\/\/madrivedacoes.com.br\/index.php?rest_route=\/wp\/v2\/pages\/991\/revisions\/1081"}],"wp:attachment":[{"href":"https:\/\/madrivedacoes.com.br\/index.php?rest_route=%2Fwp%2Fv2%2Fmedia&parent=991"}],"curies":[{"name":"wp","href":"https:\/\/api.w.org\/{rel}","templated":true}]}}