{"id":1027,"date":"2025-04-16T18:21:15","date_gmt":"2025-04-16T18:21:15","guid":{"rendered":"https:\/\/madrivedacoes.com.br\/?post_type=product&#038;p=1027"},"modified":"2025-05-26T11:03:40","modified_gmt":"2025-05-26T11:03:40","slug":"revestimento-em-borracha","status":"publish","type":"product","link":"https:\/\/madrivedacoes.com.br\/?product=revestimento-em-borracha","title":{"rendered":"Revestimento em borracha"},"content":{"rendered":"<p>Revestimento<br \/>\nResist\u00eancia \u00e0 abras\u00e3o; Recupera\u00e7\u00e3o a quente ou a frio; Deforma\u00e7\u00e3o sob compress\u00e3o; Isolamento el\u00e9trico; Resist\u00eancia a \u00e1cidos dilu\u00eddos ou concentrados; Impermeabilidade; Resist\u00eancia a solventes; Resist\u00eancia a chamas.<\/p>\n","protected":false},"excerpt":{"rendered":"<p>Madri Veda\u00e7\u00f5es<br \/>\nFa\u00e7a sua encomenda<\/p>\n","protected":false},"featured_media":1176,"template":"","meta":{"_themeisle_gutenberg_block_has_review":false,"_joinchat":[]},"product_cat":[37],"product_tag":[],"class_list":{"0":"post-1027","1":"product","2":"type-product","3":"status-publish","4":"has-post-thumbnail","6":"product_cat-revestimento","8":"first","9":"instock","10":"shipping-taxable","11":"product-type-simple"},"_links":{"self":[{"href":"https:\/\/madrivedacoes.com.br\/index.php?rest_route=\/wp\/v2\/product\/1027","targetHints":{"allow":["GET"]}}],"collection":[{"href":"https:\/\/madrivedacoes.com.br\/index.php?rest_route=\/wp\/v2\/product"}],"about":[{"href":"https:\/\/madrivedacoes.com.br\/index.php?rest_route=\/wp\/v2\/types\/product"}],"version-history":[{"count":1,"href":"https:\/\/madrivedacoes.com.br\/index.php?rest_route=\/wp\/v2\/product\/1027\/revisions"}],"predecessor-version":[{"id":1029,"href":"https:\/\/madrivedacoes.com.br\/index.php?rest_route=\/wp\/v2\/product\/1027\/revisions\/1029"}],"wp:featuredmedia":[{"embeddable":true,"href":"https:\/\/madrivedacoes.com.br\/index.php?rest_route=\/wp\/v2\/media\/1176"}],"wp:attachment":[{"href":"https:\/\/madrivedacoes.com.br\/index.php?rest_route=%2Fwp%2Fv2%2Fmedia&parent=1027"}],"wp:term":[{"taxonomy":"product_cat","embeddable":true,"href":"https:\/\/madrivedacoes.com.br\/index.php?rest_route=%2Fwp%2Fv2%2Fproduct_cat&post=1027"},{"taxonomy":"product_tag","embeddable":true,"href":"https:\/\/madrivedacoes.com.br\/index.php?rest_route=%2Fwp%2Fv2%2Fproduct_tag&post=1027"}],"curies":[{"name":"wp","href":"https:\/\/api.w.org\/{rel}","templated":true}]}}