{"id":984,"date":"2025-04-15T20:29:29","date_gmt":"2025-04-15T20:29:29","guid":{"rendered":"https:\/\/madrivedacoes.com.br\/?post_type=product&#038;p=984"},"modified":"2025-05-26T10:36:59","modified_gmt":"2025-05-26T10:36:59","slug":"trocador-de-calor","status":"publish","type":"product","link":"https:\/\/madrivedacoes.com.br\/?product=trocador-de-calor","title":{"rendered":"Trocador de calor"},"content":{"rendered":"<p>Trocador de calor<br \/>\nMaterial de qualidade e proced\u00eancia<br \/>\nTrocador. Squid. Gaxetas. Placas. Manuten\u00e7\u00e3o. Instala\u00e7\u00e3o. Corre\u00e7\u00e3o. Reparo. Higieniza\u00e7\u00e3o. Teste de Trinca. Teste de Microtrinca.<br \/>\nDesenvolvimento e comercializa\u00e7\u00e3o.<\/p>\n","protected":false},"excerpt":{"rendered":"<p>Madri Veda\u00e7\u00f5es<br \/>\nFa\u00e7a sua encomenda<\/p>\n","protected":false},"featured_media":1172,"template":"","meta":{"_themeisle_gutenberg_block_has_review":false,"_joinchat":[]},"product_cat":[29],"product_tag":[],"class_list":{"0":"post-984","1":"product","2":"type-product","3":"status-publish","4":"has-post-thumbnail","6":"product_cat-trocadores-de-calor","8":"first","9":"instock","10":"shipping-taxable","11":"product-type-simple"},"_links":{"self":[{"href":"https:\/\/madrivedacoes.com.br\/index.php?rest_route=\/wp\/v2\/product\/984","targetHints":{"allow":["GET"]}}],"collection":[{"href":"https:\/\/madrivedacoes.com.br\/index.php?rest_route=\/wp\/v2\/product"}],"about":[{"href":"https:\/\/madrivedacoes.com.br\/index.php?rest_route=\/wp\/v2\/types\/product"}],"version-history":[{"count":2,"href":"https:\/\/madrivedacoes.com.br\/index.php?rest_route=\/wp\/v2\/product\/984\/revisions"}],"predecessor-version":[{"id":1173,"href":"https:\/\/madrivedacoes.com.br\/index.php?rest_route=\/wp\/v2\/product\/984\/revisions\/1173"}],"wp:featuredmedia":[{"embeddable":true,"href":"https:\/\/madrivedacoes.com.br\/index.php?rest_route=\/wp\/v2\/media\/1172"}],"wp:attachment":[{"href":"https:\/\/madrivedacoes.com.br\/index.php?rest_route=%2Fwp%2Fv2%2Fmedia&parent=984"}],"wp:term":[{"taxonomy":"product_cat","embeddable":true,"href":"https:\/\/madrivedacoes.com.br\/index.php?rest_route=%2Fwp%2Fv2%2Fproduct_cat&post=984"},{"taxonomy":"product_tag","embeddable":true,"href":"https:\/\/madrivedacoes.com.br\/index.php?rest_route=%2Fwp%2Fv2%2Fproduct_tag&post=984"}],"curies":[{"name":"wp","href":"https:\/\/api.w.org\/{rel}","templated":true}]}}